{"id":854,"date":"2025-10-25T16:44:42","date_gmt":"2025-10-25T16:44:42","guid":{"rendered":"https:\/\/nf.frifugl.com\/?page_id=854"},"modified":"2025-10-26T21:37:33","modified_gmt":"2025-10-26T21:37:33","slug":"sjosamene","status":"publish","type":"page","link":"https:\/\/nf.frifugl.com\/se_no\/sjosamene\/","title":{"rendered":"Mearras\u00e1mit"},"content":{"rendered":"<p>Sj\u00f8samer er samer som holder til ved kysten og som tradisjonelt har livn\u00e6rt seg gjennom fiske, fangst og jordbruk. Sj\u00f8samisk bosetning strekker seg langs kyst og fjorder fra Finnmark i nord til Tr\u00f8ndelag i s\u00f8r. Hard fornorskningspolitikk og krigen fjernet nesten alle spor etter den sj\u00f8samiske kulturen. Politisk mobilisering og arenaer for synliggj\u00f8ring og utvikling av kulturen, har f\u00f8rt til revitalisering av samisk kultur og identitet. Denne portalen vil gi et innblikk i historien og kulturen til sj\u00f8samene i Nord-Troms, men vil ogs\u00e5 vise at kulturen er h\u00f8yst levende og i stadig utvikling.<\/p>\n\n\n    <div class=\"gp-subcategories-grid\" style=\"display:grid;gap:20px;grid-template-columns:repeat(auto-fit,minmax(200px,1fr));\">\n                    <div class=\"gp-subcategory-item\">\n                <a href=\"https:\/\/nf.frifugl.com\/se_no\/category\/sjosamene\/arets-nordlige-folk\/\">\n                    <img loading=\"lazy\" decoding=\"async\" width=\"300\" height=\"225\" src=\"https:\/\/nf.frifugl.com\/wp-content\/uploads\/2025\/10\/RR.4-300x225.jpg\" class=\"gp-category-image\" alt=\"\" srcset=\"https:\/\/nf.frifugl.com\/wp-content\/uploads\/2025\/10\/RR.4-300x225.jpg 300w, https:\/\/nf.frifugl.com\/wp-content\/uploads\/2025\/10\/RR.4-1024x768.jpg 1024w, https:\/\/nf.frifugl.com\/wp-content\/uploads\/2025\/10\/RR.4-768x576.jpg 768w, https:\/\/nf.frifugl.com\/wp-content\/uploads\/2025\/10\/RR.4-1536x1152.jpg 1536w, https:\/\/nf.frifugl.com\/wp-content\/uploads\/2025\/10\/RR.4.jpg 1920w\" sizes=\"auto, (max-width: 300px) 100vw, 300px\" \/>                    <h4 class=\"gp-subcategory-title\">\u00c5rets Nordlige Folk<\/h4>\n                <\/a>\n            <\/div>\n                    <div class=\"gp-subcategory-item\">\n                <a href=\"https:\/\/nf.frifugl.com\/se_no\/category\/sjosamene\/arkitektur-og-bygge-tradisjoner\/\">\n                    <img loading=\"lazy\" decoding=\"async\" width=\"300\" height=\"200\" src=\"https:\/\/nf.frifugl.com\/wp-content\/uploads\/2025\/10\/Fjorbuer3m-e1476260485611-300x200.jpg\" class=\"gp-category-image\" alt=\"\" srcset=\"https:\/\/nf.frifugl.com\/wp-content\/uploads\/2025\/10\/Fjorbuer3m-e1476260485611-300x200.jpg 300w, https:\/\/nf.frifugl.com\/wp-content\/uploads\/2025\/10\/Fjorbuer3m-e1476260485611.jpg 600w\" sizes=\"auto, (max-width: 300px) 100vw, 300px\" \/>                    <h4 class=\"gp-subcategory-title\">Arkitektur og bygge- tradisjoner<\/h4>\n                <\/a>\n            <\/div>\n                    <div class=\"gp-subcategory-item\">\n                <a href=\"https:\/\/nf.frifugl.com\/se_no\/category\/sjosamene\/fortellinger-sagn-og-myter\/\">\n                    <img loading=\"lazy\" decoding=\"async\" width=\"300\" height=\"206\" src=\"https:\/\/nf.frifugl.com\/wp-content\/uploads\/2025\/11\/Theodor_Kittelsen_-_Sjotrollet_1887_The_Sea_Troll-300x206.jpg\" class=\"gp-category-image\" alt=\"\" srcset=\"https:\/\/nf.frifugl.com\/wp-content\/uploads\/2025\/11\/Theodor_Kittelsen_-_Sjotrollet_1887_The_Sea_Troll-300x206.jpg 300w, https:\/\/nf.frifugl.com\/wp-content\/uploads\/2025\/11\/Theodor_Kittelsen_-_Sjotrollet_1887_The_Sea_Troll.jpg 768w\" sizes=\"auto, (max-width: 300px) 100vw, 300px\" \/>                    <h4 class=\"gp-subcategory-title\">Fortellinger, sagn og myter<\/h4>\n                <\/a>\n            <\/div>\n                    <div class=\"gp-subcategory-item\">\n                <a href=\"https:\/\/nf.frifugl.com\/se_no\/category\/sjosamene\/handverk-og-duodji\/\">\n                    <img loading=\"lazy\" decoding=\"async\" width=\"300\" height=\"200\" src=\"https:\/\/nf.frifugl.com\/wp-content\/uploads\/2025\/10\/35934740205_210d0ad8a7_k-1-300x200.jpg\" class=\"gp-category-image\" alt=\"\" srcset=\"https:\/\/nf.frifugl.com\/wp-content\/uploads\/2025\/10\/35934740205_210d0ad8a7_k-1-300x200.jpg 300w, https:\/\/nf.frifugl.com\/wp-content\/uploads\/2025\/10\/35934740205_210d0ad8a7_k-1-768x512.jpg 768w, https:\/\/nf.frifugl.com\/wp-content\/uploads\/2025\/10\/35934740205_210d0ad8a7_k-1.jpg 900w\" sizes=\"auto, (max-width: 300px) 100vw, 300px\" \/>                    <h4 class=\"gp-subcategory-title\">H\u00e5ndverk og duodji<\/h4>\n                <\/a>\n            <\/div>\n                    <div class=\"gp-subcategory-item\">\n                <a href=\"https:\/\/nf.frifugl.com\/se_no\/category\/sjosamene\/historie-og-religion\/\">\n                    <img loading=\"lazy\" decoding=\"async\" width=\"300\" height=\"198\" src=\"https:\/\/nf.frifugl.com\/wp-content\/uploads\/2025\/10\/Kven_Finner_Kurravare_Torne_Sweden_B_Mesch_1926-300x198.jpg\" class=\"gp-category-image\" alt=\"\" srcset=\"https:\/\/nf.frifugl.com\/wp-content\/uploads\/2025\/10\/Kven_Finner_Kurravare_Torne_Sweden_B_Mesch_1926-300x198.jpg 300w, https:\/\/nf.frifugl.com\/wp-content\/uploads\/2025\/10\/Kven_Finner_Kurravare_Torne_Sweden_B_Mesch_1926-768x506.jpg 768w, https:\/\/nf.frifugl.com\/wp-content\/uploads\/2025\/10\/Kven_Finner_Kurravare_Torne_Sweden_B_Mesch_1926.jpg 895w\" sizes=\"auto, (max-width: 300px) 100vw, 300px\" \/>                    <h4 class=\"gp-subcategory-title\">Historie og religion<\/h4>\n                <\/a>\n            <\/div>\n                    <div class=\"gp-subcategory-item\">\n                <a href=\"https:\/\/nf.frifugl.com\/se_no\/category\/sjosamene\/kunst-musikk-og-litteratur\/\">\n                    <img loading=\"lazy\" decoding=\"async\" width=\"300\" height=\"169\" src=\"https:\/\/nf.frifugl.com\/wp-content\/uploads\/2025\/10\/cujaju-3-300x169.jpg\" class=\"gp-category-image\" alt=\"\" srcset=\"https:\/\/nf.frifugl.com\/wp-content\/uploads\/2025\/10\/cujaju-3-300x169.jpg 300w, https:\/\/nf.frifugl.com\/wp-content\/uploads\/2025\/10\/cujaju-3-768x432.jpg 768w, https:\/\/nf.frifugl.com\/wp-content\/uploads\/2025\/10\/cujaju-3.jpg 800w\" sizes=\"auto, (max-width: 300px) 100vw, 300px\" \/>                    <h4 class=\"gp-subcategory-title\">Kunst, musikk og litteratur<\/h4>\n                <\/a>\n            <\/div>\n                    <div class=\"gp-subcategory-item\">\n                <a href=\"https:\/\/nf.frifugl.com\/se_no\/category\/sjosamene\/mat-og-oppskrifter\/\">\n                    <img loading=\"lazy\" decoding=\"async\" width=\"300\" height=\"201\" src=\"https:\/\/nf.frifugl.com\/wp-content\/uploads\/2025\/10\/oliva-nilsen-300x201.jpg\" class=\"gp-category-image\" alt=\"\" srcset=\"https:\/\/nf.frifugl.com\/wp-content\/uploads\/2025\/10\/oliva-nilsen-300x201.jpg 300w, https:\/\/nf.frifugl.com\/wp-content\/uploads\/2025\/10\/oliva-nilsen-1024x685.jpg 1024w, https:\/\/nf.frifugl.com\/wp-content\/uploads\/2025\/10\/oliva-nilsen-768x513.jpg 768w, https:\/\/nf.frifugl.com\/wp-content\/uploads\/2025\/10\/oliva-nilsen.jpg 1213w\" sizes=\"auto, (max-width: 300px) 100vw, 300px\" \/>                    <h4 class=\"gp-subcategory-title\">Mat og oppskrifter<\/h4>\n                <\/a>\n            <\/div>\n                    <div class=\"gp-subcategory-item\">\n                <a href=\"https:\/\/nf.frifugl.com\/se_no\/category\/sjosamene\/naering-og-naturbruk\/\">\n                    <img loading=\"lazy\" decoding=\"async\" width=\"300\" height=\"200\" src=\"https:\/\/nf.frifugl.com\/wp-content\/uploads\/2025\/10\/Fjoerbuer800-e1597415157262-300x200.jpg\" class=\"gp-category-image\" alt=\"\" srcset=\"https:\/\/nf.frifugl.com\/wp-content\/uploads\/2025\/10\/Fjoerbuer800-e1597415157262-300x200.jpg 300w, https:\/\/nf.frifugl.com\/wp-content\/uploads\/2025\/10\/Fjoerbuer800-e1597415157262.jpg 600w\" sizes=\"auto, (max-width: 300px) 100vw, 300px\" \/>                    <h4 class=\"gp-subcategory-title\">N\u00e6ring og naturbruk<\/h4>\n                <\/a>\n            <\/div>\n                    <div class=\"gp-subcategory-item\">\n                <a href=\"https:\/\/nf.frifugl.com\/se_no\/category\/sjosamene\/samiske-merkedager\/\">\n                    <img loading=\"lazy\" decoding=\"async\" width=\"300\" height=\"200\" src=\"https:\/\/nf.frifugl.com\/wp-content\/uploads\/2025\/10\/Samefolkets_dag_-Foto_Orjan_Bertelsen024-300x200.jpg\" class=\"gp-category-image\" alt=\"\" srcset=\"https:\/\/nf.frifugl.com\/wp-content\/uploads\/2025\/10\/Samefolkets_dag_-Foto_Orjan_Bertelsen024-300x200.jpg 300w, https:\/\/nf.frifugl.com\/wp-content\/uploads\/2025\/10\/Samefolkets_dag_-Foto_Orjan_Bertelsen024-1024x682.jpg 1024w, https:\/\/nf.frifugl.com\/wp-content\/uploads\/2025\/10\/Samefolkets_dag_-Foto_Orjan_Bertelsen024-768x511.jpg 768w, https:\/\/nf.frifugl.com\/wp-content\/uploads\/2025\/10\/Samefolkets_dag_-Foto_Orjan_Bertelsen024-1536x1022.jpg 1536w, https:\/\/nf.frifugl.com\/wp-content\/uploads\/2025\/10\/Samefolkets_dag_-Foto_Orjan_Bertelsen024-2048x1363.jpg 2048w\" sizes=\"auto, (max-width: 300px) 100vw, 300px\" \/>                    <h4 class=\"gp-subcategory-title\">Samiske Merkedager<\/h4>\n                <\/a>\n            <\/div>\n                    <div class=\"gp-subcategory-item\">\n                <a href=\"https:\/\/nf.frifugl.com\/se_no\/category\/sjosamene\/skikker-tradisjon-og-tro\/\">\n                    <img loading=\"lazy\" decoding=\"async\" width=\"300\" height=\"209\" src=\"https:\/\/nf.frifugl.com\/wp-content\/uploads\/2025\/10\/3521826021_4675801a-300x209.jpg\" class=\"gp-category-image\" alt=\"\" srcset=\"https:\/\/nf.frifugl.com\/wp-content\/uploads\/2025\/10\/3521826021_4675801a-300x209.jpg 300w, https:\/\/nf.frifugl.com\/wp-content\/uploads\/2025\/10\/3521826021_4675801a.jpg 698w\" sizes=\"auto, (max-width: 300px) 100vw, 300px\" \/>                    <h4 class=\"gp-subcategory-title\">Skikker, tradisjon og tro<\/h4>\n                <\/a>\n            <\/div>\n                    <div class=\"gp-subcategory-item\">\n                <a href=\"https:\/\/nf.frifugl.com\/se_no\/category\/sjosamene\/sprak-navn-ord-og-uttrykk\/\">\n                    <img loading=\"lazy\" decoding=\"async\" width=\"277\" height=\"300\" src=\"https:\/\/nf.frifugl.com\/wp-content\/uploads\/2025\/10\/kart-10_samiske_dialektomraader-277x300.jpg\" class=\"gp-category-image\" alt=\"\" srcset=\"https:\/\/nf.frifugl.com\/wp-content\/uploads\/2025\/10\/kart-10_samiske_dialektomraader-277x300.jpg 277w, https:\/\/nf.frifugl.com\/wp-content\/uploads\/2025\/10\/kart-10_samiske_dialektomraader.jpg 732w\" sizes=\"auto, (max-width: 277px) 100vw, 277px\" \/>                    <h4 class=\"gp-subcategory-title\">Spr\u00e5k, navn, ord og uttrykk<\/h4>\n                <\/a>\n            <\/div>\n            <\/div>","protected":false},"excerpt":{"rendered":"<p>Sj\u00f8samer er samer som holder til ved kysten og som tradisjonelt har livn\u00e6rt seg gjennom fiske, fangst og jordbruk. Sj\u00f8samisk bosetning strekker seg langs kyst og fjorder fra Finnmark i nord til Tr\u00f8ndelag i s\u00f8r. Hard fornorskningspolitikk og krigen fjernet nesten alle spor etter den sj\u00f8samiske kulturen. Politisk mobilisering og arenaer for synliggj\u00f8ring og utvikling &#8230; <a title=\"Mearras\u00e1mit\" class=\"read-more\" href=\"https:\/\/nf.frifugl.com\/se_no\/sjosamene\/\" aria-label=\"Read more about Sj\u00f8samene\">Read more<\/a><\/p>","protected":false},"author":2,"featured_media":828,"parent":0,"menu_order":0,"comment_status":"closed","ping_status":"closed","template":"","meta":{"footnotes":""},"tags":[16],"class_list":{"0":"post-854","1":"page","2":"type-page","3":"status-publish","4":"has-post-thumbnail","6":"tag-informasjon"},"_hostinger_reach_plugin_has_subscription_block":false,"_hostinger_reach_plugin_is_elementor":false,"_links":{"self":[{"href":"https:\/\/nf.frifugl.com\/se_no\/wp-json\/wp\/v2\/pages\/854","targetHints":{"allow":["GET"]}}],"collection":[{"href":"https:\/\/nf.frifugl.com\/se_no\/wp-json\/wp\/v2\/pages"}],"about":[{"href":"https:\/\/nf.frifugl.com\/se_no\/wp-json\/wp\/v2\/types\/page"}],"author":[{"embeddable":true,"href":"https:\/\/nf.frifugl.com\/se_no\/wp-json\/wp\/v2\/users\/2"}],"replies":[{"embeddable":true,"href":"https:\/\/nf.frifugl.com\/se_no\/wp-json\/wp\/v2\/comments?post=854"}],"version-history":[{"count":4,"href":"https:\/\/nf.frifugl.com\/se_no\/wp-json\/wp\/v2\/pages\/854\/revisions"}],"predecessor-version":[{"id":864,"href":"https:\/\/nf.frifugl.com\/se_no\/wp-json\/wp\/v2\/pages\/854\/revisions\/864"}],"wp:featuredmedia":[{"embeddable":true,"href":"https:\/\/nf.frifugl.com\/se_no\/wp-json\/wp\/v2\/media\/828"}],"wp:attachment":[{"href":"https:\/\/nf.frifugl.com\/se_no\/wp-json\/wp\/v2\/media?parent=854"}],"wp:term":[{"taxonomy":"post_tag","embeddable":true,"href":"https:\/\/nf.frifugl.com\/se_no\/wp-json\/wp\/v2\/tags?post=854"}],"curies":[{"name":"wp","href":"https:\/\/api.w.org\/{rel}","templated":true}]}}