{"id":847,"date":"2025-10-25T16:15:06","date_gmt":"2025-10-25T16:15:06","guid":{"rendered":"https:\/\/nf.frifugl.com\/?page_id=847"},"modified":"2025-10-28T00:41:36","modified_gmt":"2025-10-28T00:41:36","slug":"kvenene","status":"publish","type":"page","link":"https:\/\/nf.frifugl.com\/fi\/kvenene\/","title":{"rendered":"Kvens"},"content":{"rendered":"<p>Kvenene er en norsk minoritet som har vandret fra Nord-Finland og Nord-Sverige til Nord-Norge i l\u00f8pet av flere hundre \u00e5r. Begrepet \u201dkven\u201d omfatter alle med finsk spr\u00e5k- og kulturbakgrunn og deres etterf\u00f8lgere som har kommet til Nord-Norge f\u00f8r 1945.<\/p>\n\n\n\n<p>Det ansl\u00e5s at det finnes mellom 50-70 000 kvener i Norge, og ca. 2000-8000 personer som snakker kvensk\/finsk i dag.<\/p>\n\n\n\n<p>I 1998 ble kvenene anerkjent som en nasjonal minoritet, p\u00e5 lik linje med j\u00f8der, rom, romanifolket og skogfinner.<\/p>\n\n\n\n<div><div class=\"gb-looper-87a87c92\">\n<div class=\"gb-loop-item gb-loop-item-196902c1 post-1064 post type-post status-publish format-standard has-post-thumbnail hentry category-historie-og-religion category-kvenene category-skikker-tradisjon-og-tro\">\n<img loading=\"lazy\" decoding=\"async\" width=\"800\" height=\"532\" data-media-id=\"1063\" class=\"gb-media-1d8df6e7\" src=\"https:\/\/nf.frifugl.com\/wp-content\/uploads\/2025\/10\/OBE4773-s-7-8.jpg\" alt=\"L\u00e6stadianismen i tro og samfunn\" srcset=\"https:\/\/nf.frifugl.com\/wp-content\/uploads\/2025\/10\/OBE4773-s-7-8.jpg 800w, https:\/\/nf.frifugl.com\/wp-content\/uploads\/2025\/10\/OBE4773-s-7-8-300x200.jpg 300w, https:\/\/nf.frifugl.com\/wp-content\/uploads\/2025\/10\/OBE4773-s-7-8-768x511.jpg 768w\" sizes=\"auto, (max-width: 800px) 100vw, 800px\" \/>\n\n\n\n<h2 class=\"gb-text gb-text-52f94560\"><a href=\"https:\/\/nf.frifugl.com\/fi\/laestadianismen-i-tro-og-samfunn\/\">Laestadiolaisuus uskossa ja yhteiskunnassa<\/a><\/h2>\n<\/div>\n\n<div class=\"gb-loop-item gb-loop-item-196902c1 post-1114 post type-post status-publish format-standard has-post-thumbnail hentry category-kvenene\">\n<img loading=\"lazy\" decoding=\"async\" width=\"800\" height=\"600\" data-media-id=\"1113\" class=\"gb-media-1d8df6e7\" src=\"https:\/\/nf.frifugl.com\/wp-content\/uploads\/2025\/10\/Kvendrakten800.jpg\" alt=\"Kvendrakten \/ kveenipuku\" srcset=\"https:\/\/nf.frifugl.com\/wp-content\/uploads\/2025\/10\/Kvendrakten800.jpg 800w, https:\/\/nf.frifugl.com\/wp-content\/uploads\/2025\/10\/Kvendrakten800-300x225.jpg 300w, https:\/\/nf.frifugl.com\/wp-content\/uploads\/2025\/10\/Kvendrakten800-768x576.jpg 768w\" sizes=\"auto, (max-width: 800px) 100vw, 800px\" \/>\n\n\n\n<h2 class=\"gb-text gb-text-52f94560\"><a href=\"https:\/\/nf.frifugl.com\/fi\/kvendrakten-kveenipuku\/\">Kvendrakten \/ kveenipuku<\/a><\/h2>\n<\/div>\n\n<div class=\"gb-loop-item gb-loop-item-196902c1 post-1105 post type-post status-publish format-standard has-post-thumbnail hentry category-kvenene\">\n<img loading=\"lazy\" decoding=\"async\" width=\"800\" height=\"452\" data-media-id=\"1104\" class=\"gb-media-1d8df6e7\" src=\"https:\/\/nf.frifugl.com\/wp-content\/uploads\/2025\/10\/Presentasjon3-2.jpg\" alt=\"kvensk spr\u00e5k\" srcset=\"https:\/\/nf.frifugl.com\/wp-content\/uploads\/2025\/10\/Presentasjon3-2.jpg 800w, https:\/\/nf.frifugl.com\/wp-content\/uploads\/2025\/10\/Presentasjon3-2-300x170.jpg 300w, https:\/\/nf.frifugl.com\/wp-content\/uploads\/2025\/10\/Presentasjon3-2-768x434.jpg 768w\" sizes=\"auto, (max-width: 800px) 100vw, 800px\" \/>\n\n\n\n<h2 class=\"gb-text gb-text-52f94560\"><a href=\"https:\/\/nf.frifugl.com\/fi\/kvensk-sprak\/\">Kvenin kieli<\/a><\/h2>\n<\/div>\n\n<div class=\"gb-loop-item gb-loop-item-196902c1 post-1099 post type-post status-publish format-standard has-post-thumbnail hentry category-kvenene\">\n<img loading=\"lazy\" decoding=\"async\" width=\"800\" height=\"600\" data-media-id=\"1098\" class=\"gb-media-1d8df6e7\" src=\"https:\/\/nf.frifugl.com\/wp-content\/uploads\/2025\/10\/Badstu.jpg\" alt=\"Badstu \/ sauna\" srcset=\"https:\/\/nf.frifugl.com\/wp-content\/uploads\/2025\/10\/Badstu.jpg 800w, https:\/\/nf.frifugl.com\/wp-content\/uploads\/2025\/10\/Badstu-300x225.jpg 300w, https:\/\/nf.frifugl.com\/wp-content\/uploads\/2025\/10\/Badstu-768x576.jpg 768w\" sizes=\"auto, (max-width: 800px) 100vw, 800px\" \/>\n\n\n\n<h2 class=\"gb-text gb-text-52f94560\"><a href=\"https:\/\/nf.frifugl.com\/fi\/badstu-sauna\/\">Sauna \/ sauna<\/a><\/h2>\n<\/div>\n\n<div class=\"gb-loop-item gb-loop-item-196902c1 post-1090 post type-post status-publish format-standard has-post-thumbnail hentry category-kvenene\">\n<img loading=\"lazy\" decoding=\"async\" width=\"400\" height=\"500\" data-media-id=\"1089\" class=\"gb-media-1d8df6e7\" src=\"https:\/\/nf.frifugl.com\/wp-content\/uploads\/2025\/10\/IMG_0460-scaled-400x500-1.jpg\" alt=\"Jan Harald Tomassen\" srcset=\"https:\/\/nf.frifugl.com\/wp-content\/uploads\/2025\/10\/IMG_0460-scaled-400x500-1.jpg 400w, https:\/\/nf.frifugl.com\/wp-content\/uploads\/2025\/10\/IMG_0460-scaled-400x500-1-240x300.jpg 240w\" sizes=\"auto, (max-width: 400px) 100vw, 400px\" \/>\n\n\n\n<h2 class=\"gb-text gb-text-52f94560\"><a href=\"https:\/\/nf.frifugl.com\/fi\/jan-harald-tomassen\/\">Jan Harald Tomassen<\/a><\/h2>\n<\/div>\n\n<div class=\"gb-loop-item gb-loop-item-196902c1 post-1087 post type-post status-publish format-standard has-post-thumbnail hentry category-kvenene\">\n<img loading=\"lazy\" decoding=\"async\" width=\"768\" height=\"1024\" data-media-id=\"1086\" class=\"gb-media-1d8df6e7\" src=\"https:\/\/nf.frifugl.com\/wp-content\/uploads\/2025\/10\/01-alf-borsskog-februar-Liisa-768x1024-1.jpg\" alt=\"Alf Nilsen-B\u00f8rsskog\" srcset=\"https:\/\/nf.frifugl.com\/wp-content\/uploads\/2025\/10\/01-alf-borsskog-februar-Liisa-768x1024-1.jpg 768w, https:\/\/nf.frifugl.com\/wp-content\/uploads\/2025\/10\/01-alf-borsskog-februar-Liisa-768x1024-1-225x300.jpg 225w\" sizes=\"auto, (max-width: 768px) 100vw, 768px\" \/>\n\n\n\n<h2 class=\"gb-text gb-text-52f94560\"><a href=\"https:\/\/nf.frifugl.com\/fi\/alf-nilsen-borsskog\/\">Alf Nilsen-B\u00f8rsskog<\/a><\/h2>\n<\/div>\n\n<div class=\"gb-loop-item gb-loop-item-196902c1 post-1081 post type-post status-publish format-standard has-post-thumbnail hentry category-kunst-musikk-og-litteratur category-kvenene\">\n<img loading=\"lazy\" decoding=\"async\" width=\"800\" height=\"1095\" data-media-id=\"1080\" class=\"gb-media-1d8df6e7\" src=\"https:\/\/nf.frifugl.com\/wp-content\/uploads\/2025\/10\/Idar-Kristiansen1-4.jpg\" alt=\"Idar Kristiansen\" srcset=\"https:\/\/nf.frifugl.com\/wp-content\/uploads\/2025\/10\/Idar-Kristiansen1-4.jpg 800w, https:\/\/nf.frifugl.com\/wp-content\/uploads\/2025\/10\/Idar-Kristiansen1-4-219x300.jpg 219w, https:\/\/nf.frifugl.com\/wp-content\/uploads\/2025\/10\/Idar-Kristiansen1-4-748x1024.jpg 748w, https:\/\/nf.frifugl.com\/wp-content\/uploads\/2025\/10\/Idar-Kristiansen1-4-768x1051.jpg 768w\" sizes=\"auto, (max-width: 800px) 100vw, 800px\" \/>\n\n\n\n<h2 class=\"gb-text gb-text-52f94560\"><a href=\"https:\/\/nf.frifugl.com\/fi\/idar-kristiansen\/\">Idar Kristiansen<\/a><\/h2>\n<\/div>\n\n<div class=\"gb-loop-item gb-loop-item-196902c1 post-1076 post type-post status-publish format-standard has-post-thumbnail hentry category-kunst-musikk-og-litteratur category-kvenene\">\n<img loading=\"lazy\" decoding=\"async\" width=\"780\" height=\"781\" data-media-id=\"1075\" class=\"gb-media-1d8df6e7\" src=\"https:\/\/nf.frifugl.com\/wp-content\/uploads\/2025\/10\/Bente-Pedersen.jpg\" alt=\"Bente Pedersen\" srcset=\"https:\/\/nf.frifugl.com\/wp-content\/uploads\/2025\/10\/Bente-Pedersen.jpg 780w, https:\/\/nf.frifugl.com\/wp-content\/uploads\/2025\/10\/Bente-Pedersen-300x300.jpg 300w, https:\/\/nf.frifugl.com\/wp-content\/uploads\/2025\/10\/Bente-Pedersen-150x150.jpg 150w, https:\/\/nf.frifugl.com\/wp-content\/uploads\/2025\/10\/Bente-Pedersen-768x769.jpg 768w\" sizes=\"auto, (max-width: 780px) 100vw, 780px\" \/>\n\n\n\n<h2 class=\"gb-text gb-text-52f94560\"><a href=\"https:\/\/nf.frifugl.com\/fi\/bente-pedersen\/\">Bente Pedersen<\/a><\/h2>\n<\/div>\n\n<div class=\"gb-loop-item gb-loop-item-196902c1 post-1070 post type-post status-publish format-standard has-post-thumbnail hentry category-kvenene\">\n<img loading=\"lazy\" decoding=\"async\" width=\"800\" height=\"600\" data-media-id=\"1071\" class=\"gb-media-1d8df6e7\" src=\"https:\/\/nf.frifugl.com\/wp-content\/uploads\/2025\/10\/4-Komagvaer-2009-Foto-Sissel-H-Eriksen800.jpg\" alt=\"Hans Kristian Eriksen\" srcset=\"https:\/\/nf.frifugl.com\/wp-content\/uploads\/2025\/10\/4-Komagvaer-2009-Foto-Sissel-H-Eriksen800.jpg 800w, https:\/\/nf.frifugl.com\/wp-content\/uploads\/2025\/10\/4-Komagvaer-2009-Foto-Sissel-H-Eriksen800-300x225.jpg 300w, https:\/\/nf.frifugl.com\/wp-content\/uploads\/2025\/10\/4-Komagvaer-2009-Foto-Sissel-H-Eriksen800-768x576.jpg 768w\" sizes=\"auto, (max-width: 800px) 100vw, 800px\" \/>\n\n\n\n<h2 class=\"gb-text gb-text-52f94560\"><a href=\"https:\/\/nf.frifugl.com\/fi\/hans-kristian-eriksen\/\">Hans Kristian Eriksen<\/a><\/h2>\n<\/div>\n\n<div class=\"gb-loop-item gb-loop-item-196902c1 post-989 post type-post status-publish format-standard has-post-thumbnail hentry category-kvenene category-mat-og-oppskrifter category-skikker-tradisjon-og-tro\">\n<img loading=\"lazy\" decoding=\"async\" width=\"800\" height=\"600\" data-media-id=\"990\" class=\"gb-media-1d8df6e7\" src=\"https:\/\/nf.frifugl.com\/wp-content\/uploads\/2025\/10\/Trockenfisch_am_Porsangerfjord2.jpg\" alt=\"Mat i Nord-Troms\" srcset=\"https:\/\/nf.frifugl.com\/wp-content\/uploads\/2025\/10\/Trockenfisch_am_Porsangerfjord2.jpg 800w, https:\/\/nf.frifugl.com\/wp-content\/uploads\/2025\/10\/Trockenfisch_am_Porsangerfjord2-300x225.jpg 300w, https:\/\/nf.frifugl.com\/wp-content\/uploads\/2025\/10\/Trockenfisch_am_Porsangerfjord2-768x576.jpg 768w\" sizes=\"auto, (max-width: 800px) 100vw, 800px\" \/>\n\n\n\n<h2 class=\"gb-text gb-text-52f94560\"><a href=\"https:\/\/nf.frifugl.com\/fi\/mat-i-nord-troms\/\">Mat i Nord-Troms<\/a><\/h2>\n<\/div>\n\n<div class=\"gb-loop-item gb-loop-item-196902c1 post-983 post type-post status-publish format-standard has-post-thumbnail hentry category-kvenene category-naering-og-naturbruk\">\n<img loading=\"lazy\" decoding=\"async\" width=\"619\" height=\"445\" data-media-id=\"984\" class=\"gb-media-1d8df6e7\" src=\"https:\/\/nf.frifugl.com\/wp-content\/uploads\/2025\/10\/generated_01_03_20_33_44.jpg\" alt=\"Skibotnmarkedet\" srcset=\"https:\/\/nf.frifugl.com\/wp-content\/uploads\/2025\/10\/generated_01_03_20_33_44.jpg 619w, https:\/\/nf.frifugl.com\/wp-content\/uploads\/2025\/10\/generated_01_03_20_33_44-300x216.jpg 300w\" sizes=\"auto, (max-width: 619px) 100vw, 619px\" \/>\n\n\n\n<h2 class=\"gb-text gb-text-52f94560\"><a href=\"https:\/\/nf.frifugl.com\/fi\/skibotnmarkedet\/\">Skibotnmarkedet<\/a><\/h2>\n<\/div>\n\n<div class=\"gb-loop-item gb-loop-item-196902c1 post-979 post type-post status-publish format-standard has-post-thumbnail hentry category-kvenene\">\n<img loading=\"lazy\" decoding=\"async\" width=\"800\" height=\"896\" data-media-id=\"980\" class=\"gb-media-1d8df6e7\" src=\"https:\/\/nf.frifugl.com\/wp-content\/uploads\/2025\/10\/IMG_3580-Agnes-Eriksen.jpg\" alt=\"Agnes Eriksen\" srcset=\"https:\/\/nf.frifugl.com\/wp-content\/uploads\/2025\/10\/IMG_3580-Agnes-Eriksen.jpg 800w, https:\/\/nf.frifugl.com\/wp-content\/uploads\/2025\/10\/IMG_3580-Agnes-Eriksen-268x300.jpg 268w, https:\/\/nf.frifugl.com\/wp-content\/uploads\/2025\/10\/IMG_3580-Agnes-Eriksen-768x860.jpg 768w\" sizes=\"auto, (max-width: 800px) 100vw, 800px\" \/>\n\n\n\n<h2 class=\"gb-text gb-text-52f94560\"><a href=\"https:\/\/nf.frifugl.com\/fi\/agnes-eriksen\/\">Agnes Eriksen<\/a><\/h2>\n<\/div>\n\n<div class=\"gb-loop-item gb-loop-item-196902c1 post-975 post type-post status-publish format-standard has-post-thumbnail hentry category-kvenene\">\n<img loading=\"lazy\" decoding=\"async\" width=\"800\" height=\"526\" data-media-id=\"976\" class=\"gb-media-1d8df6e7\" src=\"https:\/\/nf.frifugl.com\/wp-content\/uploads\/2025\/10\/Ingeborg-Arvola-3.jpg\" alt=\"Ingeborg Arvola\" srcset=\"https:\/\/nf.frifugl.com\/wp-content\/uploads\/2025\/10\/Ingeborg-Arvola-3.jpg 800w, https:\/\/nf.frifugl.com\/wp-content\/uploads\/2025\/10\/Ingeborg-Arvola-3-300x197.jpg 300w, https:\/\/nf.frifugl.com\/wp-content\/uploads\/2025\/10\/Ingeborg-Arvola-3-768x505.jpg 768w\" sizes=\"auto, (max-width: 800px) 100vw, 800px\" \/>\n\n\n\n<h2 class=\"gb-text gb-text-52f94560\"><a href=\"https:\/\/nf.frifugl.com\/fi\/ingeborg-arvola\/\">Ingeborg Arvola<\/a><\/h2>\n<\/div>\n\n<div class=\"gb-loop-item gb-loop-item-196902c1 post-970 post type-post status-publish format-standard has-post-thumbnail hentry category-kvenene category-naering-og-naturbruk\">\n<img loading=\"lazy\" decoding=\"async\" width=\"935\" height=\"768\" data-media-id=\"971\" class=\"gb-media-1d8df6e7\" src=\"https:\/\/nf.frifugl.com\/wp-content\/uploads\/2025\/10\/935px-Ninni.jpg\" alt=\"Lyngshesten\" srcset=\"https:\/\/nf.frifugl.com\/wp-content\/uploads\/2025\/10\/935px-Ninni.jpg 935w, https:\/\/nf.frifugl.com\/wp-content\/uploads\/2025\/10\/935px-Ninni-300x246.jpg 300w, https:\/\/nf.frifugl.com\/wp-content\/uploads\/2025\/10\/935px-Ninni-768x631.jpg 768w\" sizes=\"auto, (max-width: 935px) 100vw, 935px\" \/>\n\n\n\n<h2 class=\"gb-text gb-text-52f94560\"><a href=\"https:\/\/nf.frifugl.com\/fi\/lyngshesten\/\">Lyngshesten<\/a><\/h2>\n<\/div>\n\n<div class=\"gb-loop-item gb-loop-item-196902c1 post-955 post type-post status-publish format-standard has-post-thumbnail hentry category-historie-og-religion category-kvenene\">\n<img loading=\"lazy\" decoding=\"async\" width=\"800\" height=\"568\" data-media-id=\"956\" class=\"gb-media-1d8df6e7\" src=\"https:\/\/nf.frifugl.com\/wp-content\/uploads\/2025\/10\/Birtavarre_Ankerlia_ruiner_3-800.jpg\" alt=\"Birtavarre gruver\" srcset=\"https:\/\/nf.frifugl.com\/wp-content\/uploads\/2025\/10\/Birtavarre_Ankerlia_ruiner_3-800.jpg 800w, https:\/\/nf.frifugl.com\/wp-content\/uploads\/2025\/10\/Birtavarre_Ankerlia_ruiner_3-800-300x213.jpg 300w, https:\/\/nf.frifugl.com\/wp-content\/uploads\/2025\/10\/Birtavarre_Ankerlia_ruiner_3-800-768x545.jpg 768w\" sizes=\"auto, (max-width: 800px) 100vw, 800px\" \/>\n\n\n\n<h2 class=\"gb-text gb-text-52f94560\"><a href=\"https:\/\/nf.frifugl.com\/fi\/birtavarre-gruver\/\">Birtavarre gruver<\/a><\/h2>\n<\/div>\n\n<div class=\"gb-loop-item gb-loop-item-196902c1 post-946 post type-post status-publish format-standard has-post-thumbnail hentry category-kvenene\">\n<img loading=\"lazy\" decoding=\"async\" width=\"1247\" height=\"816\" data-media-id=\"947\" class=\"gb-media-1d8df6e7\" src=\"https:\/\/nf.frifugl.com\/wp-content\/uploads\/2025\/10\/Bente-Pedersen.png\" alt=\"Video: Bente Pedersen forteller\" srcset=\"https:\/\/nf.frifugl.com\/wp-content\/uploads\/2025\/10\/Bente-Pedersen.png 1247w, https:\/\/nf.frifugl.com\/wp-content\/uploads\/2025\/10\/Bente-Pedersen-300x196.png 300w, https:\/\/nf.frifugl.com\/wp-content\/uploads\/2025\/10\/Bente-Pedersen-1024x670.png 1024w, https:\/\/nf.frifugl.com\/wp-content\/uploads\/2025\/10\/Bente-Pedersen-768x503.png 768w\" sizes=\"auto, (max-width: 1247px) 100vw, 1247px\" \/>\n\n\n\n<h2 class=\"gb-text gb-text-52f94560\"><a href=\"https:\/\/nf.frifugl.com\/fi\/video-bente-pedersen-forteller\/\">Video: Bente Pedersen forteller<\/a><\/h2>\n<\/div>\n\n<div class=\"gb-loop-item gb-loop-item-196902c1 post-943 post type-post status-publish format-standard has-post-thumbnail hentry category-kvenene\">\n<img loading=\"lazy\" decoding=\"async\" width=\"768\" height=\"466\" data-media-id=\"944\" class=\"gb-media-1d8df6e7\" src=\"https:\/\/nf.frifugl.com\/wp-content\/uploads\/2025\/10\/Kvenfolkets-flaggt-768x466-1.jpeg\" alt=\"Kvenfolkets dag \u2013 kv\u00e4\u00e4nikansan p\u00e4iv\u00e4\" srcset=\"https:\/\/nf.frifugl.com\/wp-content\/uploads\/2025\/10\/Kvenfolkets-flaggt-768x466-1.jpeg 768w, https:\/\/nf.frifugl.com\/wp-content\/uploads\/2025\/10\/Kvenfolkets-flaggt-768x466-1-300x182.jpeg 300w\" sizes=\"auto, (max-width: 768px) 100vw, 768px\" \/>\n\n\n\n<h2 class=\"gb-text gb-text-52f94560\"><a href=\"https:\/\/nf.frifugl.com\/fi\/kvenfolkets-dag-kvaanikansan-paiva\/\">Kvenfolkets dag \u2013 kv\u00e4\u00e4nikansan p\u00e4iv\u00e4<\/a><\/h2>\n<\/div>\n\n<div class=\"gb-loop-item gb-loop-item-196902c1 post-1118 post type-post status-publish format-standard has-post-thumbnail hentry category-kvenene\">\n<img loading=\"lazy\" decoding=\"async\" width=\"1224\" height=\"755\" data-media-id=\"1119\" class=\"gb-media-1d8df6e7\" src=\"https:\/\/nf.frifugl.com\/wp-content\/uploads\/2025\/10\/skjermbilde-videoer.png\" alt=\"Videogalleri\" srcset=\"https:\/\/nf.frifugl.com\/wp-content\/uploads\/2025\/10\/skjermbilde-videoer.png 1224w, https:\/\/nf.frifugl.com\/wp-content\/uploads\/2025\/10\/skjermbilde-videoer-300x185.png 300w, https:\/\/nf.frifugl.com\/wp-content\/uploads\/2025\/10\/skjermbilde-videoer-1024x632.png 1024w, https:\/\/nf.frifugl.com\/wp-content\/uploads\/2025\/10\/skjermbilde-videoer-768x474.png 768w\" sizes=\"auto, (max-width: 1224px) 100vw, 1224px\" \/>\n\n\n\n<h2 class=\"gb-text gb-text-52f94560\"><a href=\"https:\/\/nf.frifugl.com\/fi\/videogalleri\/\">Videogalleri<\/a><\/h2>\n<\/div>\n<\/div>\n\n\n<div class=\"gb-element-ba320488 gb-query-loop-pagination\">\n\n\n\n<\/div>\n\n\n<\/div>","protected":false},"excerpt":{"rendered":"<p>Kvenene er en norsk minoritet som har vandret fra Nord-Finland og Nord-Sverige til Nord-Norge i l\u00f8pet av flere hundre \u00e5r. Begrepet \u201dkven\u201d omfatter alle med finsk spr\u00e5k- og kulturbakgrunn og deres etterf\u00f8lgere som har kommet til Nord-Norge f\u00f8r 1945. Det ansl\u00e5s at det finnes mellom 50-70 000 kvener i Norge, og ca. 2000-8000 personer som &#8230; <a title=\"Kvens\" class=\"read-more\" href=\"https:\/\/nf.frifugl.com\/fi\/kvenene\/\" aria-label=\"Lue lis\u00e4\u00e4 aiheesta Kvenene\">Lue lis\u00e4\u00e4<\/a><\/p>","protected":false},"author":2,"featured_media":848,"parent":0,"menu_order":0,"comment_status":"closed","ping_status":"closed","template":"","meta":{"footnotes":""},"tags":[16],"class_list":{"0":"post-847","1":"page","2":"type-page","3":"status-publish","4":"has-post-thumbnail","6":"tag-informasjon"},"_hostinger_reach_plugin_has_subscription_block":false,"_hostinger_reach_plugin_is_elementor":false,"_links":{"self":[{"href":"https:\/\/nf.frifugl.com\/fi\/wp-json\/wp\/v2\/pages\/847","targetHints":{"allow":["GET"]}}],"collection":[{"href":"https:\/\/nf.frifugl.com\/fi\/wp-json\/wp\/v2\/pages"}],"about":[{"href":"https:\/\/nf.frifugl.com\/fi\/wp-json\/wp\/v2\/types\/page"}],"author":[{"embeddable":true,"href":"https:\/\/nf.frifugl.com\/fi\/wp-json\/wp\/v2\/users\/2"}],"replies":[{"embeddable":true,"href":"https:\/\/nf.frifugl.com\/fi\/wp-json\/wp\/v2\/comments?post=847"}],"version-history":[{"count":9,"href":"https:\/\/nf.frifugl.com\/fi\/wp-json\/wp\/v2\/pages\/847\/revisions"}],"predecessor-version":[{"id":1117,"href":"https:\/\/nf.frifugl.com\/fi\/wp-json\/wp\/v2\/pages\/847\/revisions\/1117"}],"wp:featuredmedia":[{"embeddable":true,"href":"https:\/\/nf.frifugl.com\/fi\/wp-json\/wp\/v2\/media\/848"}],"wp:attachment":[{"href":"https:\/\/nf.frifugl.com\/fi\/wp-json\/wp\/v2\/media?parent=847"}],"wp:term":[{"taxonomy":"post_tag","embeddable":true,"href":"https:\/\/nf.frifugl.com\/fi\/wp-json\/wp\/v2\/tags?post=847"}],"curies":[{"name":"wp","href":"https:\/\/api.w.org\/{rel}","templated":true}]}}